{"id":17,"date":"2026-02-14T22:40:42","date_gmt":"2026-02-14T22:40:42","guid":{"rendered":"https:\/\/avandra.nu\/om\/"},"modified":"2026-02-15T00:47:13","modified_gmt":"2026-02-15T00:47:13","slug":"om","status":"publish","type":"page","link":"https:\/\/avandra.nu\/en\/om\/","title":{"rendered":"Om"},"content":{"rendered":"<div class=\"wp-block-group alignfull is-style-ext-preset--group--natural-1--section has-background-background-color has-background has-global-padding is-layout-constrained wp-container-core-group-is-layout-6714b1d7 wp-block-group-is-layout-constrained\" id=\"om\" style=\"margin-top:0;margin-bottom:0;padding-top:var(--wp--preset--spacing--70);padding-bottom:var(--wp--preset--spacing--70)\">\n<div class=\"wp-block-group alignwide is-vertical is-content-justification-center is-layout-flex wp-container-core-group-is-layout-c9ee0c5a wp-block-group-is-layout-flex\">\n<div class=\"wp-block-group has-global-padding is-layout-constrained wp-container-core-group-is-layout-2287c683 wp-block-group-is-layout-constrained\">\n<h2 class=\"wp-block-heading has-text-align-center\">Uppt\u00e4ck din inre v\u00e4gledning p\u00e5 Avandra<\/h2>\n\n\n\n<p class=\"has-text-align-center\">Avandra \u00e4r en fristad d\u00e4r naturens kraft och medveten n\u00e4rvaro hj\u00e4lper dig att \u00e5terknyta kontakten med din inre kompass och finna djup klarhet i livet.<\/p>\n<\/div>\n<\/div>\n\n\n\n<div class=\"wp-block-columns alignwide is-layout-flex wp-container-core-columns-is-layout-28f84493 wp-block-columns-is-layout-flex\">\n<div class=\"wp-block-column is-layout-flow wp-block-column-is-layout-flow\">\n<figure class=\"wp-block-image is-style-ext-preset-image-natural-1-image-1--content-bottom is-style-ext-preset--image--natural-1--image-1--content-bottom is-style-ext-preset--image--natural-1--image-1--content-bottom--2\"><img loading=\"lazy\" decoding=\"async\" width=\"1152\" height=\"1440\" class=\"wp-image-56\" src=\"https:\/\/avandra.nu\/wp-content\/uploads\/2026\/02\/7bcb141293c084ba0ad9756d6337db18aeba31bc.jpg\" alt=\"\" style=\"aspect-ratio:3\/4;object-fit:cover\"\/><\/figure>\n<\/div>\n\n\n\n<div class=\"wp-block-column is-layout-flow wp-block-column-is-layout-flow\">\n<figure class=\"wp-block-image is-style-ext-preset-image-natural-1-image-1--content-bottom is-style-ext-preset--image--natural-1--image-1--content-bottom is-style-ext-preset--image--natural-1--image-1--content-bottom--3\"><img loading=\"lazy\" decoding=\"async\" width=\"1440\" height=\"900\" class=\"wp-image-57\" src=\"https:\/\/avandra.nu\/wp-content\/uploads\/2026\/02\/584f41d00c9f674ca7c7818f269ff363a7b66c7c.jpg\" alt=\"\" style=\"aspect-ratio:3\/4;object-fit:cover\" srcset=\"https:\/\/avandra.nu\/wp-content\/uploads\/2026\/02\/584f41d00c9f674ca7c7818f269ff363a7b66c7c.jpg 1440w, https:\/\/avandra.nu\/wp-content\/uploads\/2026\/02\/584f41d00c9f674ca7c7818f269ff363a7b66c7c-300x188.jpg 300w, https:\/\/avandra.nu\/wp-content\/uploads\/2026\/02\/584f41d00c9f674ca7c7818f269ff363a7b66c7c-1024x640.jpg 1024w, https:\/\/avandra.nu\/wp-content\/uploads\/2026\/02\/584f41d00c9f674ca7c7818f269ff363a7b66c7c-768x480.jpg 768w, https:\/\/avandra.nu\/wp-content\/uploads\/2026\/02\/584f41d00c9f674ca7c7818f269ff363a7b66c7c-18x12.jpg 18w\" sizes=\"auto, (max-width: 1440px) 100vw, 1440px\" \/><\/figure>\n<\/div>\n\n\n\n<div class=\"wp-block-column is-layout-flow wp-block-column-is-layout-flow\">\n<figure class=\"wp-block-image is-style-ext-preset-image-natural-1-image-1--content-bottom is-style-ext-preset--image--natural-1--image-1--content-bottom is-style-ext-preset--image--natural-1--image-1--content-bottom--4\"><img loading=\"lazy\" decoding=\"async\" width=\"1440\" height=\"961\" class=\"wp-image-58\" src=\"https:\/\/avandra.nu\/wp-content\/uploads\/2026\/02\/2ae2092b4b6578fe919da29d6d796ed537398f7c.jpg\" alt=\"\" style=\"aspect-ratio:3\/4;object-fit:cover\" srcset=\"https:\/\/avandra.nu\/wp-content\/uploads\/2026\/02\/2ae2092b4b6578fe919da29d6d796ed537398f7c.jpg 1440w, https:\/\/avandra.nu\/wp-content\/uploads\/2026\/02\/2ae2092b4b6578fe919da29d6d796ed537398f7c-300x200.jpg 300w, https:\/\/avandra.nu\/wp-content\/uploads\/2026\/02\/2ae2092b4b6578fe919da29d6d796ed537398f7c-1024x683.jpg 1024w, https:\/\/avandra.nu\/wp-content\/uploads\/2026\/02\/2ae2092b4b6578fe919da29d6d796ed537398f7c-768x513.jpg 768w, https:\/\/avandra.nu\/wp-content\/uploads\/2026\/02\/2ae2092b4b6578fe919da29d6d796ed537398f7c-18x12.jpg 18w\" sizes=\"auto, (max-width: 1440px) 100vw, 1440px\" \/><\/figure>\n<\/div>\n<\/div>\n<\/div>\n\n<div class=\"wp-block-group alignfull is-style-ext-preset--group--natural-1--section has-tertiary-background-color has-background has-global-padding is-layout-constrained wp-container-core-group-is-layout-f72f1611 wp-block-group-is-layout-constrained\" id=\"galleri\" style=\"margin-top:0;margin-bottom:0;padding-top:var(--wp--preset--spacing--70);padding-bottom:var(--wp--preset--spacing--70)\">\n<div class=\"wp-block-group alignwide is-vertical is-layout-flex wp-container-core-group-is-layout-c35747d5 wp-block-group-is-layout-flex\">\n<div class=\"wp-block-group has-global-padding is-layout-constrained wp-container-core-group-is-layout-5e05634a wp-block-group-is-layout-constrained\">\n<h2 class=\"wp-block-heading\">Upplev f\u00f6rnyelse genom Avandras unika upplevelser<\/h2>\n\n\n\n<p class=\"has-text-align-left\">H\u00e4r visas noggrant utvalda bilder som f\u00e5ngar Avandras naturupplevelsers sj\u00e4l och magi.<\/p>\n<\/div>\n<\/div>\n\n\n\n<div class=\"wp-block-columns alignwide is-layout-flex wp-container-core-columns-is-layout-87beb0d0 wp-block-columns-is-layout-flex\">\n<div class=\"wp-block-column is-vertically-aligned-top is-layout-flow wp-container-core-column-is-layout-f5bb311e wp-block-column-is-layout-flow\">\n<figure class=\"wp-block-image is-style-ext-preset--image--natural-1--image-1--content-bottom is-style-ext-preset--image--natural-1--image-1--content-bottom--6\"><img loading=\"lazy\" decoding=\"async\" width=\"1440\" height=\"960\" class=\"wp-image-59\" src=\"https:\/\/avandra.nu\/wp-content\/uploads\/2026\/02\/0161e932abb1cd91b0696bbfc6e88cecc761d626.jpg\" alt=\"\" style=\"aspect-ratio:1;object-fit:cover\" srcset=\"https:\/\/avandra.nu\/wp-content\/uploads\/2026\/02\/0161e932abb1cd91b0696bbfc6e88cecc761d626.jpg 1440w, https:\/\/avandra.nu\/wp-content\/uploads\/2026\/02\/0161e932abb1cd91b0696bbfc6e88cecc761d626-300x200.jpg 300w, https:\/\/avandra.nu\/wp-content\/uploads\/2026\/02\/0161e932abb1cd91b0696bbfc6e88cecc761d626-1024x683.jpg 1024w, https:\/\/avandra.nu\/wp-content\/uploads\/2026\/02\/0161e932abb1cd91b0696bbfc6e88cecc761d626-768x512.jpg 768w, https:\/\/avandra.nu\/wp-content\/uploads\/2026\/02\/0161e932abb1cd91b0696bbfc6e88cecc761d626-18x12.jpg 18w\" sizes=\"auto, (max-width: 1440px) 100vw, 1440px\" \/><\/figure>\n\n\n\n<figure class=\"wp-block-image is-style-ext-preset--image--natural-1--image-1--content-right is-style-ext-preset--image--natural-1--image-1--content-right--7\"><img loading=\"lazy\" decoding=\"async\" width=\"1440\" height=\"960\" class=\"wp-image-60\" src=\"https:\/\/avandra.nu\/wp-content\/uploads\/2026\/02\/fd66aec7a590c557873827c06b0e7b0769e5bda1.jpg\" alt=\"\" style=\"aspect-ratio:4\/3;object-fit:cover\" srcset=\"https:\/\/avandra.nu\/wp-content\/uploads\/2026\/02\/fd66aec7a590c557873827c06b0e7b0769e5bda1.jpg 1440w, https:\/\/avandra.nu\/wp-content\/uploads\/2026\/02\/fd66aec7a590c557873827c06b0e7b0769e5bda1-300x200.jpg 300w, https:\/\/avandra.nu\/wp-content\/uploads\/2026\/02\/fd66aec7a590c557873827c06b0e7b0769e5bda1-1024x683.jpg 1024w, https:\/\/avandra.nu\/wp-content\/uploads\/2026\/02\/fd66aec7a590c557873827c06b0e7b0769e5bda1-768x512.jpg 768w, https:\/\/avandra.nu\/wp-content\/uploads\/2026\/02\/fd66aec7a590c557873827c06b0e7b0769e5bda1-18x12.jpg 18w\" sizes=\"auto, (max-width: 1440px) 100vw, 1440px\" \/><\/figure>\n<\/div>\n\n\n\n<div class=\"wp-block-column is-vertically-aligned-top is-layout-flow wp-container-core-column-is-layout-f5bb311e wp-block-column-is-layout-flow\">\n<figure class=\"wp-block-image is-style-ext-preset--image--natural-1--image-1--content-left is-style-ext-preset--image--natural-1--image-1--content-left--8\"><img loading=\"lazy\" decoding=\"async\" width=\"1440\" height=\"810\" class=\"wp-image-61\" src=\"https:\/\/avandra.nu\/wp-content\/uploads\/2026\/02\/dca1cbf53249a5b518a8ae8ee2c3ea77dac42071.jpg\" alt=\"\" style=\"aspect-ratio:4\/3;object-fit:cover\" srcset=\"https:\/\/avandra.nu\/wp-content\/uploads\/2026\/02\/dca1cbf53249a5b518a8ae8ee2c3ea77dac42071.jpg 1440w, https:\/\/avandra.nu\/wp-content\/uploads\/2026\/02\/dca1cbf53249a5b518a8ae8ee2c3ea77dac42071-300x169.jpg 300w, https:\/\/avandra.nu\/wp-content\/uploads\/2026\/02\/dca1cbf53249a5b518a8ae8ee2c3ea77dac42071-1024x576.jpg 1024w, https:\/\/avandra.nu\/wp-content\/uploads\/2026\/02\/dca1cbf53249a5b518a8ae8ee2c3ea77dac42071-768x432.jpg 768w, https:\/\/avandra.nu\/wp-content\/uploads\/2026\/02\/dca1cbf53249a5b518a8ae8ee2c3ea77dac42071-18x10.jpg 18w\" sizes=\"auto, (max-width: 1440px) 100vw, 1440px\" \/><\/figure>\n\n\n\n<figure class=\"wp-block-image is-style-ext-preset--image--natural-1--image-1--content-left is-style-ext-preset--image--natural-1--image-1--content-left--9\"><img loading=\"lazy\" decoding=\"async\" width=\"1440\" height=\"960\" class=\"wp-image-62\" src=\"https:\/\/avandra.nu\/wp-content\/uploads\/2026\/02\/0b0541a1f67ed6d942fc73279556c2be6ba518f7.jpg\" alt=\"\" style=\"aspect-ratio:1;object-fit:cover\" srcset=\"https:\/\/avandra.nu\/wp-content\/uploads\/2026\/02\/0b0541a1f67ed6d942fc73279556c2be6ba518f7.jpg 1440w, https:\/\/avandra.nu\/wp-content\/uploads\/2026\/02\/0b0541a1f67ed6d942fc73279556c2be6ba518f7-300x200.jpg 300w, https:\/\/avandra.nu\/wp-content\/uploads\/2026\/02\/0b0541a1f67ed6d942fc73279556c2be6ba518f7-1024x683.jpg 1024w, https:\/\/avandra.nu\/wp-content\/uploads\/2026\/02\/0b0541a1f67ed6d942fc73279556c2be6ba518f7-768x512.jpg 768w, https:\/\/avandra.nu\/wp-content\/uploads\/2026\/02\/0b0541a1f67ed6d942fc73279556c2be6ba518f7-18x12.jpg 18w\" sizes=\"auto, (max-width: 1440px) 100vw, 1440px\" \/><\/figure>\n<\/div>\n<\/div>\n<\/div>\n\n<div class=\"wp-block-group alignfull is-style-ext-preset--group--natural-1--section has-background-background-color has-background has-global-padding is-layout-constrained wp-container-core-group-is-layout-e955bbaf wp-block-group-is-layout-constrained\" id=\"funktioner\" style=\"margin-top:0;margin-bottom:0;padding-top:var(--wp--preset--spacing--70);padding-bottom:var(--wp--preset--spacing--70)\">\n<div class=\"wp-block-group alignwide is-vertical is-layout-flex wp-container-core-group-is-layout-c35747d5 wp-block-group-is-layout-flex\">\n<div class=\"wp-block-group has-global-padding is-layout-constrained wp-container-core-group-is-layout-5e05634a wp-block-group-is-layout-constrained\">\n<h2 class=\"wp-block-heading\">Utforska eldmeditation och skogens tystnad<\/h2>\n\n\n\n<p class=\"has-text-align-left\">H\u00e4r f\u00e5r du en inblick i v\u00e5ra unika naturupplevelser som v\u00e4cker din inre gl\u00f6d och skapar balans.<\/p>\n<\/div>\n<\/div>\n\n\n\n<div class=\"wp-block-columns alignwide is-layout-flex wp-container-core-columns-is-layout-08c01c1c wp-block-columns-is-layout-flex\">\n<div class=\"wp-block-column is-vertically-aligned-stretch is-layout-flow wp-container-core-column-is-layout-f5bb311e wp-block-column-is-layout-flow\">\n<div class=\"wp-block-group is-style-ext-preset--group--natural-1--item-card-1--align-start has-global-padding is-layout-constrained wp-block-group-is-layout-constrained is-style-ext-preset--group--natural-1--item-card-1--align-start--11\">\n<div class=\"wp-block-group is-style-default has-global-padding is-layout-constrained wp-block-group-is-layout-constrained\">\n<div class=\"wp-block-group is-nowrap is-layout-flex wp-container-core-group-is-layout-64fa2afa wp-block-group-is-layout-flex\" style=\"padding-top:0;padding-right:0;padding-bottom:0;padding-left:0\">\n<figure class=\"wp-block-image size-large ext-aspect-landscape wp-duotone-primary-foreground\"><img decoding=\"async\" src=\"data:image\/svg+xml;base64,PHN2ZyB4bWxucz0iaHR0cDovL3d3dy53My5vcmcvMjAwMC9zdmciIHdpZHRoPSI0OCIgaGVpZ2h0PSI0OCIgZmlsbD0iIzAwMDAwMCIgdmlld0JveD0iMCAwIDI1NiAyNTYiPjxwYXRoIGQ9Ik0xNzIsNzZhNDQsNDQsMCwxLDAtNDQsNDRBNDQuMDUsNDQuMDUsMCwwLDAsMTcyLDc2Wm0tNDQsMjhhMjgsMjgsMCwxLDEsMjgtMjhBMjgsMjgsMCwwLDEsMTI4LDEwNFptNjAsMjRhNDQsNDQsMCwxLDAsNDQsNDRBNDQuMDUsNDQuMDUsMCwwLDAsMTg4LDEyOFptMCw3MmEyOCwyOCwwLDEsMSwyOC0yOEEyOCwyOCwwLDAsMSwxODgsMjAwWk02OCwxMjhhNDQsNDQsMCwxLDAsNDQsNDRBNDQuMDUsNDQuMDUsMCwwLDAsNjgsMTI4Wm0wLDcyYTI4LDI4LDAsMSwxLDI4LTI4QTI4LDI4LDAsMCwxLDY4LDIwMFoiPjwvcGF0aD48L3N2Zz4=\" alt=\"\" style=\"object-fit:cover\"\/><\/figure>\n\n\n\n<div class=\"wp-block-group wp-container-content-958eb9dc has-global-padding is-layout-constrained wp-container-core-group-is-layout-c06d165c wp-block-group-is-layout-constrained\" style=\"padding-top:0;padding-right:0;padding-bottom:0;padding-left:0\">\n<h3 class=\"wp-block-heading\">Befriande r\u00f6relse<\/h3>\n\n\n\n<p>R\u00f6relse som frig\u00f6r kropp och sj\u00e4l i natursk\u00f6na milj\u00f6er.<\/p>\n<\/div>\n<\/div>\n<\/div>\n<\/div>\n<\/div>\n\n\n\n<div class=\"wp-block-column is-vertically-aligned-stretch is-layout-flow wp-container-core-column-is-layout-f5bb311e wp-block-column-is-layout-flow\">\n<div class=\"wp-block-group is-style-ext-preset--group--natural-1--item-card-1--align-start has-global-padding is-layout-constrained wp-block-group-is-layout-constrained is-style-ext-preset--group--natural-1--item-card-1--align-start--12\">\n<div class=\"wp-block-group is-style-default has-global-padding is-layout-constrained wp-block-group-is-layout-constrained\">\n<div class=\"wp-block-group is-nowrap is-layout-flex wp-container-core-group-is-layout-64fa2afa wp-block-group-is-layout-flex\" style=\"padding-top:0;padding-right:0;padding-bottom:0;padding-left:0\">\n<figure class=\"wp-block-image size-large ext-aspect-landscape wp-duotone-primary-foreground\"><img decoding=\"async\" src=\"data:image\/svg+xml;base64,PHN2ZyB4bWxucz0iaHR0cDovL3d3dy53My5vcmcvMjAwMC9zdmciIHdpZHRoPSI0OCIgaGVpZ2h0PSI0OCIgZmlsbD0iIzAwMDAwMCIgdmlld0JveD0iMCAwIDI1NiAyNTYiPjxwYXRoIGQ9Ik04MCw0MGE0MCw0MCwwLDEsMCw0MCw0MEE0MCw0MCwwLDAsMCw4MCw0MFptMCw2NGEyNCwyNCwwLDEsMSwyNC0yNEEyNCwyNCwwLDAsMSw4MCwxMDRabTk2LDE2YTQwLDQwLDAsMSwwLTQwLTQwQTQwLDQwLDAsMCwwLDE3NiwxMjBabTAtNjRhMjQsMjQsMCwxLDEtMjQsMjRBMjQsMjQsMCwwLDEsMTc2LDU2Wk04MCwxMzZhNDAsNDAsMCwxLDAsNDAsNDBBNDAsNDAsMCwwLDAsODAsMTM2Wm0wLDY0YTI0LDI0LDAsMSwxLDI0LTI0QTI0LDI0LDAsMCwxLDgwLDIwMFptOTYtNjRhNDAsNDAsMCwxLDAsNDAsNDBBNDAsNDAsMCwwLDAsMTc2LDEzNlptMCw2NGEyNCwyNCwwLDEsMSwyNC0yNEEyNCwyNCwwLDAsMSwxNzYsMjAwWiI+PC9wYXRoPjwvc3ZnPg==\" alt=\"\" style=\"object-fit:cover\"\/><\/figure>\n\n\n\n<div class=\"wp-block-group wp-container-content-958eb9dc has-global-padding is-layout-constrained wp-container-core-group-is-layout-c06d165c wp-block-group-is-layout-constrained\" style=\"padding-top:0;padding-right:0;padding-bottom:0;padding-left:0\">\n<h3 class=\"wp-block-heading\">Stillhet och \u00e5terh\u00e4mtning<\/h3>\n\n\n\n<p>Stunder av lugn som ger kraft och klarhet \u00e5t sinnet.<\/p>\n<\/div>\n<\/div>\n<\/div>\n<\/div>\n<\/div>\n\n\n\n<div class=\"wp-block-column is-vertically-aligned-stretch is-layout-flow wp-container-core-column-is-layout-f5bb311e wp-block-column-is-layout-flow\">\n<div class=\"wp-block-group is-style-ext-preset--group--natural-1--item-card-1--align-start has-global-padding is-layout-constrained wp-block-group-is-layout-constrained is-style-ext-preset--group--natural-1--item-card-1--align-start--13\">\n<div class=\"wp-block-group is-style-default has-global-padding is-layout-constrained wp-block-group-is-layout-constrained\">\n<div class=\"wp-block-group is-nowrap is-layout-flex wp-container-core-group-is-layout-64fa2afa wp-block-group-is-layout-flex\" style=\"padding-top:0;padding-right:0;padding-bottom:0;padding-left:0\">\n<figure class=\"wp-block-image size-large ext-aspect-landscape wp-duotone-primary-foreground\"><img decoding=\"async\" src=\"data:image\/svg+xml;base64,PHN2ZyB4bWxucz0iaHR0cDovL3d3dy53My5vcmcvMjAwMC9zdmciIHdpZHRoPSI0OCIgaGVpZ2h0PSI0OCIgZmlsbD0iIzAwMDAwMCIgdmlld0JveD0iMCAwIDI1NiAyNTYiPjxwYXRoIGQ9Ik04MCw0MGE0MCw0MCwwLDEsMCw0MCw0MEE0MCw0MCwwLDAsMCw4MCw0MFptMCw2NGEyNCwyNCwwLDEsMSwyNC0yNEEyNCwyNCwwLDAsMSw4MCwxMDRabTk2LDE2YTQwLDQwLDAsMSwwLTQwLTQwQTQwLDQwLDAsMCwwLDE3NiwxMjBabTAtNjRhMjQsMjQsMCwxLDEtMjQsMjRBMjQsMjQsMCwwLDEsMTc2LDU2Wk04MCwxMzZhNDAsNDAsMCwxLDAsNDAsNDBBNDAsNDAsMCwwLDAsODAsMTM2Wm0wLDY0YTI0LDI0LDAsMSwxLDI0LTI0QTI0LDI0LDAsMCwxLDgwLDIwMFptMTM2LTI0YTgsOCwwLDAsMS04LDhIMTg0djI0YTgsOCwwLDAsMS0xNiwwVjE4NEgxNDRhOCw4LDAsMCwxLDAtMTZoMjRWMTQ0YTgsOCwwLDAsMSwxNiwwdjI0aDI0QTgsOCwwLDAsMSwyMTYsMTc2WiI+PC9wYXRoPjwvc3ZnPg==\" alt=\"\" style=\"object-fit:cover\"\/><\/figure>\n\n\n\n<div class=\"wp-block-group wp-container-content-958eb9dc has-global-padding is-layout-constrained wp-container-core-group-is-layout-c06d165c wp-block-group-is-layout-constrained\" style=\"padding-top:0;padding-right:0;padding-bottom:0;padding-left:0\">\n<h3 class=\"wp-block-heading\">Livets fyra element<\/h3>\n\n\n\n<p>Uppt\u00e4ck hur eld, vatten, jord och luft kan guida din personliga resa.<\/p>\n<\/div>\n<\/div>\n<\/div>\n<\/div>\n<\/div>\n<\/div>\n<\/div>","protected":false},"excerpt":{"rendered":"<p>Uppt\u00e4ck din inre v\u00e4gledning p\u00e5 Avandra Avandra \u00e4r en fristad d\u00e4r naturens kraft och medveten n\u00e4rvaro hj\u00e4lper dig att \u00e5terknyta kontakten med din inre kompass och finna djup klarhet i livet. Upplev f\u00f6rnyelse genom Avandras unika upplevelser H\u00e4r visas noggrant utvalda bilder som f\u00e5ngar Avandras naturupplevelsers sj\u00e4l och magi. Utforska eldmeditation och skogens tystnad H\u00e4r [&hellip;]<\/p>\n","protected":false},"author":1,"featured_media":0,"parent":0,"menu_order":0,"comment_status":"closed","ping_status":"closed","template":"page-with-title","meta":{"footnotes":""},"class_list":["post-17","page","type-page","status-publish","hentry"],"aioseo_notices":[],"_links":{"self":[{"href":"https:\/\/avandra.nu\/en\/wp-json\/wp\/v2\/pages\/17","targetHints":{"allow":["GET"]}}],"collection":[{"href":"https:\/\/avandra.nu\/en\/wp-json\/wp\/v2\/pages"}],"about":[{"href":"https:\/\/avandra.nu\/en\/wp-json\/wp\/v2\/types\/page"}],"author":[{"embeddable":true,"href":"https:\/\/avandra.nu\/en\/wp-json\/wp\/v2\/users\/1"}],"replies":[{"embeddable":true,"href":"https:\/\/avandra.nu\/en\/wp-json\/wp\/v2\/comments?post=17"}],"version-history":[{"count":1,"href":"https:\/\/avandra.nu\/en\/wp-json\/wp\/v2\/pages\/17\/revisions"}],"predecessor-version":[{"id":63,"href":"https:\/\/avandra.nu\/en\/wp-json\/wp\/v2\/pages\/17\/revisions\/63"}],"wp:attachment":[{"href":"https:\/\/avandra.nu\/en\/wp-json\/wp\/v2\/media?parent=17"}],"curies":[{"name":"wp","href":"https:\/\/api.w.org\/{rel}","templated":true}]}}